{"id":141,"date":"2024-11-04T14:58:24","date_gmt":"2024-11-04T13:58:24","guid":{"rendered":"https:\/\/quentindassy0.wpcomstaging.com\/?page_id=141"},"modified":"2024-11-20T14:57:36","modified_gmt":"2024-11-20T13:57:36","slug":"a-propos-le-pilates","status":"publish","type":"page","link":"https:\/\/assas-pilates-ballet.com\/index.php\/a-propos-le-pilates\/","title":{"rendered":"A propos &#8211; le pilates"},"content":{"rendered":"\n<div class=\"wp-block-group alignfull has-global-padding is-layout-constrained wp-container-core-group-is-layout-78e6f3e4 wp-block-group-is-layout-constrained\" style=\"border-top-color:#4043501a;border-top-width:1px;border-bottom-color:#4043501a;border-bottom-width:1px;margin-top:0;margin-bottom:0;padding-top:var(--wp--preset--spacing--20);padding-bottom:var(--wp--preset--spacing--20)\">\n<div style=\"height:calc( 0.25 * var(--wp--style--root--padding-right, var(--wp--custom--gap--horizontal)))\" aria-hidden=\"true\" class=\"wp-block-spacer\"><\/div>\n\n\n\n<div class=\"wp-block-columns alignwide is-style-section-1 has-theme-3-background-color has-background is-layout-flex wp-container-core-columns-is-layout-28f84493 wp-block-columns-is-layout-flex is-style-section-1--1\">\n<div class=\"wp-block-column is-layout-flow wp-block-column-is-layout-flow\" style=\"flex-basis:50%\">\n<div style=\"height:var(--wp--preset--spacing--20)\" aria-hidden=\"true\" class=\"wp-block-spacer\"><\/div>\n\n\n\n<h2 class=\"wp-block-heading has-large-font-size\">Le pilates<\/h2>\n\n\n\n<p>Le Pilates doit son nom \u00e0 son inventeur <strong>Hubertus Joseph Pilates \u00ab\u00a0Joe Pilates\u00a0\u00bb<\/strong><\/p>\n\n\n\n<p>\u00ab\u00a0La contr\u00f4logy\u00a0\u00bb de son premier nom s&rsquo;immobilise \u00ab\u00a0l&rsquo;art du contr\u00f4le de soi\u00a0\u00bb. C&rsquo;est la coordination compl\u00e8te du corps, de l&rsquo;esprit et du mental.<\/p>\n\n\n\n<p>D&rsquo;une enfance marqu\u00e9e par des souffrances physiques comme l&rsquo;asthme et le rachitisme, Joseph Pilates va se passionner pour le sport, en particulier la gymnastique et la boxe. Fascin\u00e9 par le mouvement corporel chez l&rsquo;homme et chez les animaux il va \u00e9tudier avec pr\u00e9cision l&rsquo;anatomie.<\/p>\n\n\n\n<div style=\"height:var(--wp--preset--spacing--20)\" aria-hidden=\"true\" class=\"wp-block-spacer\"><\/div>\n<\/div>\n<\/div>\n\n\n\n<div style=\"height:var(--wp--preset--spacing--20)\" aria-hidden=\"true\" class=\"wp-block-spacer\"><\/div>\n<\/div>\n\n\n\n<div class=\"wp-block-group alignfull is-style-default has-global-padding is-content-justification-center is-layout-constrained wp-block-group-is-layout-constrained\" style=\"margin-top:0;margin-bottom:0\">\n<div class=\"wp-block-columns alignwide is-layout-flex wp-container-core-columns-is-layout-28f84493 wp-block-columns-is-layout-flex\">\n<div class=\"wp-block-column is-layout-flow wp-container-core-column-is-layout-22223934 wp-block-column-is-layout-flow\" style=\"flex-basis:45%\">\n<h2 class=\"wp-block-heading\">Il est convaincu qu&rsquo;une bonne sant\u00e9 est en lien avec une bonne posture et une respiration optimale ; et que la sant\u00e9 mentale et physique sont reli\u00e9s.<\/h2>\n<\/div>\n\n\n\n<div class=\"wp-block-column is-layout-flow wp-block-column-is-layout-flow\" style=\"flex-basis:55%\">\n<p>Au cours de la premi\u00e8re guerre mondiale il est intern\u00e9 dans un camp sur l&rsquo;\u00eele de Man. C&rsquo;est l\u00e0 qu&rsquo;il va cr\u00e9er la m\u00e9thode Pilates .Il con\u00e7oit une s\u00e9rie d&rsquo;exercices pour ses compatriotes prisonniers afin de les maintenir en forme. Il invente \u00e9galement le concept de ses machines en fixant des ressorts sur le lit des bless\u00e9s et devient t\u00e9moin de l&rsquo;efficacit\u00e9 de cet entra\u00eenement avec des r\u00e9sistances.<\/p>\n\n\n\n<p>Une fois lib\u00e9r\u00e9 et de retour en Allemagne, il d\u00e9cide de migrer vers les Etats-Unis et de faire conna\u00eetre sa m\u00e9thode avec sa femme Clara.<\/p>\n\n\n\n<p>C&rsquo;est aupr\u00e8s des danseurs qu&rsquo;il va conna\u00eetre un fervent engouement dans leur qu\u00eate de perfectionnement mais aussi pour leur r\u00e9\u00e9ducation lors de blessures.<\/p>\n\n\n\n<p>Martha Graham, Georges Balanchine deviennent des inconditionnels du studio de \u00ab\u00a0Uncle Joe\u00a0\u00bb et lui envoient r\u00e9guli\u00e8rement des \u00e9l\u00e8ves.<\/p>\n\n\n\n<p>Lors des entra\u00eenements au Jacob&rsquo;s Pillow, il fait travailler de jeunes danseurs sur des tapis ne pouvant d\u00e9placer ses machines dans le Massachusetts.<\/p>\n\n\n\n<p>L&rsquo;enthousiasme pour cette m\u00e9thode dont les bienfaits sont reconnus va gagner petit \u00e0 petit un public plus large.<\/p>\n\n\n\n<p>A la mort de Joseph Pilates sa femme Clara et les \u00ab\u00a0Elders\u00a0\u00bb (les \u00ab\u00a0Ain\u00e9s\u00a0\u00bb) ainsi nomm\u00e9s les \u00e9l\u00e8ves de Joseph Pilates devenus professeurs ,vont diffuser et perp\u00e9tuer la m\u00e9thode par la transmission de celle-ci \u00e0 travers le monde.<\/p>\n<\/div>\n<\/div>\n<\/div>\n\n\n\n<p><\/p>\n","protected":false},"excerpt":{"rendered":"<p>Le pilates Le Pilates doit son nom \u00e0 son inventeur Hubertus Joseph Pilates \u00ab\u00a0Joe Pilates\u00a0\u00bb \u00ab\u00a0La contr\u00f4logy\u00a0\u00bb de son premier nom s&rsquo;immobilise \u00ab\u00a0l&rsquo;art du contr\u00f4le de soi\u00a0\u00bb. C&rsquo;est la coordination compl\u00e8te du corps, de l&rsquo;esprit et du mental. D&rsquo;une enfance marqu\u00e9e par des souffrances physiques comme l&rsquo;asthme et le rachitisme, Joseph Pilates va se passionner [&hellip;]<\/p>\n","protected":false},"author":1,"featured_media":0,"parent":0,"menu_order":0,"comment_status":"closed","ping_status":"closed","template":"","meta":{"footnotes":""},"class_list":["post-141","page","type-page","status-publish","hentry"],"yoast_head":"<!-- This site is optimized with the Yoast SEO plugin v27.1.1 - https:\/\/yoast.com\/product\/yoast-seo-wordpress\/ -->\n<title>A propos - le pilates - Assas Pilates Ballet<\/title>\n<meta name=\"description\" content=\"Qui est Joseph Pilates ? Comment le Pilates peut vous aider ? Comment vous am\u00e9liorer ? D\u00e9couvrer le studio Assas Pilates Ballet\" \/>\n<meta name=\"robots\" content=\"index, follow, max-snippet:-1, max-image-preview:large, max-video-preview:-1\" \/>\n<link rel=\"canonical\" href=\"https:\/\/assas-pilates-ballet.com\/index.php\/a-propos-le-pilates\/\" \/>\n<meta property=\"og:locale\" content=\"fr_FR\" \/>\n<meta property=\"og:type\" content=\"article\" \/>\n<meta property=\"og:title\" content=\"A propos - le pilates - Assas Pilates Ballet\" \/>\n<meta property=\"og:description\" content=\"Qui est Joseph Pilates ? Comment le Pilates peut vous aider ? Comment vous am\u00e9liorer ? D\u00e9couvrer le studio Assas Pilates Ballet\" \/>\n<meta property=\"og:url\" content=\"https:\/\/assas-pilates-ballet.com\/index.php\/a-propos-le-pilates\/\" \/>\n<meta property=\"og:site_name\" content=\"Assas Pilates Ballet\" \/>\n<meta property=\"article:modified_time\" content=\"2024-11-20T13:57:36+00:00\" \/>\n<meta name=\"twitter:card\" content=\"summary_large_image\" \/>\n<meta name=\"twitter:label1\" content=\"Dur\u00e9e de lecture estim\u00e9e\" \/>\n\t<meta name=\"twitter:data1\" content=\"2 minutes\" \/>\n<script type=\"application\/ld+json\" class=\"yoast-schema-graph\">{\"@context\":\"https:\/\/schema.org\",\"@graph\":[{\"@type\":\"WebPage\",\"@id\":\"https:\/\/assas-pilates-ballet.com\/index.php\/a-propos-le-pilates\/\",\"url\":\"https:\/\/assas-pilates-ballet.com\/index.php\/a-propos-le-pilates\/\",\"name\":\"A propos - le pilates - Assas Pilates Ballet\",\"isPartOf\":{\"@id\":\"https:\/\/assas-pilates-ballet.com\/#website\"},\"datePublished\":\"2024-11-04T13:58:24+00:00\",\"dateModified\":\"2024-11-20T13:57:36+00:00\",\"description\":\"Qui est Joseph Pilates ? Comment le Pilates peut vous aider ? Comment vous am\u00e9liorer ? D\u00e9couvrer le studio Assas Pilates Ballet\",\"breadcrumb\":{\"@id\":\"https:\/\/assas-pilates-ballet.com\/index.php\/a-propos-le-pilates\/#breadcrumb\"},\"inLanguage\":\"fr-FR\",\"potentialAction\":[{\"@type\":\"ReadAction\",\"target\":[\"https:\/\/assas-pilates-ballet.com\/index.php\/a-propos-le-pilates\/\"]}]},{\"@type\":\"BreadcrumbList\",\"@id\":\"https:\/\/assas-pilates-ballet.com\/index.php\/a-propos-le-pilates\/#breadcrumb\",\"itemListElement\":[{\"@type\":\"ListItem\",\"position\":1,\"name\":\"Accueil\",\"item\":\"https:\/\/assas-pilates-ballet.com\/\"},{\"@type\":\"ListItem\",\"position\":2,\"name\":\"A propos &#8211; le pilates\"}]},{\"@type\":\"WebSite\",\"@id\":\"https:\/\/assas-pilates-ballet.com\/#website\",\"url\":\"https:\/\/assas-pilates-ballet.com\/\",\"name\":\"Assas Pilates Ballet\",\"description\":\"Cours de Pilates - Paris 6\",\"publisher\":{\"@id\":\"https:\/\/assas-pilates-ballet.com\/#organization\"},\"potentialAction\":[{\"@type\":\"SearchAction\",\"target\":{\"@type\":\"EntryPoint\",\"urlTemplate\":\"https:\/\/assas-pilates-ballet.com\/?s={search_term_string}\"},\"query-input\":{\"@type\":\"PropertyValueSpecification\",\"valueRequired\":true,\"valueName\":\"search_term_string\"}}],\"inLanguage\":\"fr-FR\"},{\"@type\":\"Organization\",\"@id\":\"https:\/\/assas-pilates-ballet.com\/#organization\",\"name\":\"Assas Pilates Ballet\",\"url\":\"https:\/\/assas-pilates-ballet.com\/\",\"logo\":{\"@type\":\"ImageObject\",\"inLanguage\":\"fr-FR\",\"@id\":\"https:\/\/assas-pilates-ballet.com\/#\/schema\/logo\/image\/\",\"url\":\"https:\/\/assas-pilates-ballet.com\/wp-content\/uploads\/2025\/01\/logo-leilapilates.png\",\"contentUrl\":\"https:\/\/assas-pilates-ballet.com\/wp-content\/uploads\/2025\/01\/logo-leilapilates.png\",\"width\":1080,\"height\":1080,\"caption\":\"Assas Pilates Ballet\"},\"image\":{\"@id\":\"https:\/\/assas-pilates-ballet.com\/#\/schema\/logo\/image\/\"}}]}<\/script>\n<!-- \/ Yoast SEO plugin. -->","yoast_head_json":{"title":"A propos - le pilates - Assas Pilates Ballet","description":"Qui est Joseph Pilates ? Comment le Pilates peut vous aider ? Comment vous am\u00e9liorer ? D\u00e9couvrer le studio Assas Pilates Ballet","robots":{"index":"index","follow":"follow","max-snippet":"max-snippet:-1","max-image-preview":"max-image-preview:large","max-video-preview":"max-video-preview:-1"},"canonical":"https:\/\/assas-pilates-ballet.com\/index.php\/a-propos-le-pilates\/","og_locale":"fr_FR","og_type":"article","og_title":"A propos - le pilates - Assas Pilates Ballet","og_description":"Qui est Joseph Pilates ? Comment le Pilates peut vous aider ? Comment vous am\u00e9liorer ? D\u00e9couvrer le studio Assas Pilates Ballet","og_url":"https:\/\/assas-pilates-ballet.com\/index.php\/a-propos-le-pilates\/","og_site_name":"Assas Pilates Ballet","article_modified_time":"2024-11-20T13:57:36+00:00","twitter_card":"summary_large_image","twitter_misc":{"Dur\u00e9e de lecture estim\u00e9e":"2 minutes"},"schema":{"@context":"https:\/\/schema.org","@graph":[{"@type":"WebPage","@id":"https:\/\/assas-pilates-ballet.com\/index.php\/a-propos-le-pilates\/","url":"https:\/\/assas-pilates-ballet.com\/index.php\/a-propos-le-pilates\/","name":"A propos - le pilates - Assas Pilates Ballet","isPartOf":{"@id":"https:\/\/assas-pilates-ballet.com\/#website"},"datePublished":"2024-11-04T13:58:24+00:00","dateModified":"2024-11-20T13:57:36+00:00","description":"Qui est Joseph Pilates ? Comment le Pilates peut vous aider ? Comment vous am\u00e9liorer ? D\u00e9couvrer le studio Assas Pilates Ballet","breadcrumb":{"@id":"https:\/\/assas-pilates-ballet.com\/index.php\/a-propos-le-pilates\/#breadcrumb"},"inLanguage":"fr-FR","potentialAction":[{"@type":"ReadAction","target":["https:\/\/assas-pilates-ballet.com\/index.php\/a-propos-le-pilates\/"]}]},{"@type":"BreadcrumbList","@id":"https:\/\/assas-pilates-ballet.com\/index.php\/a-propos-le-pilates\/#breadcrumb","itemListElement":[{"@type":"ListItem","position":1,"name":"Accueil","item":"https:\/\/assas-pilates-ballet.com\/"},{"@type":"ListItem","position":2,"name":"A propos &#8211; le pilates"}]},{"@type":"WebSite","@id":"https:\/\/assas-pilates-ballet.com\/#website","url":"https:\/\/assas-pilates-ballet.com\/","name":"Assas Pilates Ballet","description":"Cours de Pilates - Paris 6","publisher":{"@id":"https:\/\/assas-pilates-ballet.com\/#organization"},"potentialAction":[{"@type":"SearchAction","target":{"@type":"EntryPoint","urlTemplate":"https:\/\/assas-pilates-ballet.com\/?s={search_term_string}"},"query-input":{"@type":"PropertyValueSpecification","valueRequired":true,"valueName":"search_term_string"}}],"inLanguage":"fr-FR"},{"@type":"Organization","@id":"https:\/\/assas-pilates-ballet.com\/#organization","name":"Assas Pilates Ballet","url":"https:\/\/assas-pilates-ballet.com\/","logo":{"@type":"ImageObject","inLanguage":"fr-FR","@id":"https:\/\/assas-pilates-ballet.com\/#\/schema\/logo\/image\/","url":"https:\/\/assas-pilates-ballet.com\/wp-content\/uploads\/2025\/01\/logo-leilapilates.png","contentUrl":"https:\/\/assas-pilates-ballet.com\/wp-content\/uploads\/2025\/01\/logo-leilapilates.png","width":1080,"height":1080,"caption":"Assas Pilates Ballet"},"image":{"@id":"https:\/\/assas-pilates-ballet.com\/#\/schema\/logo\/image\/"}}]}},"_links":{"self":[{"href":"https:\/\/assas-pilates-ballet.com\/index.php\/wp-json\/wp\/v2\/pages\/141","targetHints":{"allow":["GET"]}}],"collection":[{"href":"https:\/\/assas-pilates-ballet.com\/index.php\/wp-json\/wp\/v2\/pages"}],"about":[{"href":"https:\/\/assas-pilates-ballet.com\/index.php\/wp-json\/wp\/v2\/types\/page"}],"author":[{"embeddable":true,"href":"https:\/\/assas-pilates-ballet.com\/index.php\/wp-json\/wp\/v2\/users\/1"}],"replies":[{"embeddable":true,"href":"https:\/\/assas-pilates-ballet.com\/index.php\/wp-json\/wp\/v2\/comments?post=141"}],"version-history":[{"count":1,"href":"https:\/\/assas-pilates-ballet.com\/index.php\/wp-json\/wp\/v2\/pages\/141\/revisions"}],"predecessor-version":[{"id":573,"href":"https:\/\/assas-pilates-ballet.com\/index.php\/wp-json\/wp\/v2\/pages\/141\/revisions\/573"}],"wp:attachment":[{"href":"https:\/\/assas-pilates-ballet.com\/index.php\/wp-json\/wp\/v2\/media?parent=141"}],"curies":[{"name":"wp","href":"https:\/\/api.w.org\/{rel}","templated":true}]}}