{"id":678,"date":"2024-11-26T14:50:13","date_gmt":"2024-11-26T13:50:13","guid":{"rendered":"https:\/\/assas-pilates-ballet.com\/?page_id=678"},"modified":"2026-02-17T11:37:51","modified_gmt":"2026-02-17T10:37:51","slug":"nos-cours","status":"publish","type":"page","link":"https:\/\/assas-pilates-ballet.com\/index.php\/nos-cours\/","title":{"rendered":"Nos carnets"},"content":{"rendered":"\n<div class=\"wp-block-group alignfull has-global-padding is-layout-constrained wp-container-core-group-is-layout-6f2faf17 wp-block-group-is-layout-constrained\" style=\"border-style:none;border-width:0px;margin-top:var(--wp--preset--spacing--30);margin-bottom:var(--wp--preset--spacing--30);padding-top:0px;padding-bottom:0px\">\n<div class=\"wp-block-group has-global-padding is-layout-constrained wp-block-group-is-layout-constrained\">\n<p class=\"has-text-align-center\"><\/p>\n\n\n\n<script>\n  if (typeof hasAmeliaEntitiesApiCall === 'undefined' && '' === '') {\n    var hasAmeliaEntitiesApiCall = true;\n  }\n  var ameliaShortcodeData = (typeof ameliaShortcodeData === 'undefined') ? [] : ameliaShortcodeData;\n  ameliaShortcodeData.push(\n    {\n      'hasApiCall': (typeof hasAmeliaEntitiesApiCall !== 'undefined') && hasAmeliaEntitiesApiCall,\n      'trigger': '',\n      'trigger_type': '',\n      'triggered_form': 'cbf',\n      'in_dialog': '',\n      'show': 'packages',\n      'counter': '1000',\n      'package': '',\n      'category': '',\n      'service': '',\n      'employee': '',\n      'location': '',\n      'categories_hidden': ''\n    }\n  );\n  var ameliaShortcodeDataTriggered = (typeof ameliaShortcodeDataTriggered === 'undefined') ? [] : ameliaShortcodeDataTriggered;\n  if (ameliaShortcodeData[ameliaShortcodeData.length - 1].trigger !== '') {\n    if (ameliaShortcodeDataTriggered.filter(a => a.counter === ameliaShortcodeData[ameliaShortcodeData.length - 1].counter).length === 0) {\n      ameliaShortcodeDataTriggered.push(ameliaShortcodeData.pop());\n    } else {\n      ameliaShortcodeData.pop()\n    }\n  }\n  if (typeof hasAmeliaEntitiesApiCall !== 'undefined' && hasAmeliaEntitiesApiCall) {\n    hasAmeliaEntitiesApiCall = false;\n  }\n<\/script>\n\n<div\n  id=\"amelia-v2-booking-1000\"\n  class=\"amelia-v2-booking\"\n>\n    <catalog-form-wrapper><\/catalog-form-wrapper><\/div>\n\n<\/div>\n\n\n\n<div class=\"wp-block-group alignwide is-layout-flow wp-block-group-is-layout-flow\">\n<div class=\"wp-block-group is-layout-flow wp-block-group-is-layout-flow\"><\/div>\n<\/div>\n\n\n\n<div style=\"height:61px\" aria-hidden=\"true\" class=\"wp-block-spacer\"><\/div>\n\n\n\n<p class=\"has-text-align-center has-x-large-font-size\"><strong>Tarifs -26 ans<\/strong> : 10% de r\u00e9duction sur pr\u00e9sentation d&rsquo;une carte d&rsquo;identit\u00e9<\/p>\n<\/div>\n\n\n\n<p><\/p>\n","protected":false},"excerpt":{"rendered":"<p>Tarifs -26 ans : 10% de r\u00e9duction sur pr\u00e9sentation d&rsquo;une carte d&rsquo;identit\u00e9<\/p>\n","protected":false},"author":1,"featured_media":0,"parent":0,"menu_order":0,"comment_status":"closed","ping_status":"closed","template":"","meta":{"footnotes":""},"class_list":["post-678","page","type-page","status-publish","hentry"],"yoast_head":"<!-- This site is optimized with the Yoast SEO plugin v27.1.1 - https:\/\/yoast.com\/product\/yoast-seo-wordpress\/ -->\n<title>Nos carnets - Assas Pilates Ballet<\/title>\n<meta name=\"robots\" content=\"index, follow, max-snippet:-1, max-image-preview:large, max-video-preview:-1\" \/>\n<link rel=\"canonical\" href=\"https:\/\/assas-pilates-ballet.com\/index.php\/nos-cours\/\" \/>\n<meta property=\"og:locale\" content=\"fr_FR\" \/>\n<meta property=\"og:type\" content=\"article\" \/>\n<meta property=\"og:title\" content=\"Nos carnets - Assas Pilates Ballet\" \/>\n<meta property=\"og:description\" content=\"Tarifs -26 ans : 10% de r\u00e9duction sur pr\u00e9sentation d&rsquo;une carte d&rsquo;identit\u00e9\" \/>\n<meta property=\"og:url\" content=\"https:\/\/assas-pilates-ballet.com\/index.php\/nos-cours\/\" \/>\n<meta property=\"og:site_name\" content=\"Assas Pilates Ballet\" \/>\n<meta property=\"article:modified_time\" content=\"2026-02-17T10:37:51+00:00\" \/>\n<meta name=\"twitter:card\" content=\"summary_large_image\" \/>\n<meta name=\"twitter:label1\" content=\"Dur\u00e9e de lecture estim\u00e9e\" \/>\n\t<meta name=\"twitter:data1\" content=\"1 minute\" \/>\n<script type=\"application\/ld+json\" class=\"yoast-schema-graph\">{\"@context\":\"https:\/\/schema.org\",\"@graph\":[{\"@type\":\"WebPage\",\"@id\":\"https:\/\/assas-pilates-ballet.com\/index.php\/nos-cours\/\",\"url\":\"https:\/\/assas-pilates-ballet.com\/index.php\/nos-cours\/\",\"name\":\"Nos carnets - Assas Pilates Ballet\",\"isPartOf\":{\"@id\":\"https:\/\/assas-pilates-ballet.com\/#website\"},\"datePublished\":\"2024-11-26T13:50:13+00:00\",\"dateModified\":\"2026-02-17T10:37:51+00:00\",\"breadcrumb\":{\"@id\":\"https:\/\/assas-pilates-ballet.com\/index.php\/nos-cours\/#breadcrumb\"},\"inLanguage\":\"fr-FR\",\"potentialAction\":[{\"@type\":\"ReadAction\",\"target\":[\"https:\/\/assas-pilates-ballet.com\/index.php\/nos-cours\/\"]}]},{\"@type\":\"BreadcrumbList\",\"@id\":\"https:\/\/assas-pilates-ballet.com\/index.php\/nos-cours\/#breadcrumb\",\"itemListElement\":[{\"@type\":\"ListItem\",\"position\":1,\"name\":\"Accueil\",\"item\":\"https:\/\/assas-pilates-ballet.com\/\"},{\"@type\":\"ListItem\",\"position\":2,\"name\":\"Nos carnets\"}]},{\"@type\":\"WebSite\",\"@id\":\"https:\/\/assas-pilates-ballet.com\/#website\",\"url\":\"https:\/\/assas-pilates-ballet.com\/\",\"name\":\"Assas Pilates Ballet\",\"description\":\"Cours de Pilates - Paris 6\",\"publisher\":{\"@id\":\"https:\/\/assas-pilates-ballet.com\/#organization\"},\"potentialAction\":[{\"@type\":\"SearchAction\",\"target\":{\"@type\":\"EntryPoint\",\"urlTemplate\":\"https:\/\/assas-pilates-ballet.com\/?s={search_term_string}\"},\"query-input\":{\"@type\":\"PropertyValueSpecification\",\"valueRequired\":true,\"valueName\":\"search_term_string\"}}],\"inLanguage\":\"fr-FR\"},{\"@type\":\"Organization\",\"@id\":\"https:\/\/assas-pilates-ballet.com\/#organization\",\"name\":\"Assas Pilates Ballet\",\"url\":\"https:\/\/assas-pilates-ballet.com\/\",\"logo\":{\"@type\":\"ImageObject\",\"inLanguage\":\"fr-FR\",\"@id\":\"https:\/\/assas-pilates-ballet.com\/#\/schema\/logo\/image\/\",\"url\":\"https:\/\/assas-pilates-ballet.com\/wp-content\/uploads\/2025\/01\/logo-leilapilates.png\",\"contentUrl\":\"https:\/\/assas-pilates-ballet.com\/wp-content\/uploads\/2025\/01\/logo-leilapilates.png\",\"width\":1080,\"height\":1080,\"caption\":\"Assas Pilates Ballet\"},\"image\":{\"@id\":\"https:\/\/assas-pilates-ballet.com\/#\/schema\/logo\/image\/\"}}]}<\/script>\n<!-- \/ Yoast SEO plugin. -->","yoast_head_json":{"title":"Nos carnets - Assas Pilates Ballet","robots":{"index":"index","follow":"follow","max-snippet":"max-snippet:-1","max-image-preview":"max-image-preview:large","max-video-preview":"max-video-preview:-1"},"canonical":"https:\/\/assas-pilates-ballet.com\/index.php\/nos-cours\/","og_locale":"fr_FR","og_type":"article","og_title":"Nos carnets - Assas Pilates Ballet","og_description":"Tarifs -26 ans : 10% de r\u00e9duction sur pr\u00e9sentation d&rsquo;une carte d&rsquo;identit\u00e9","og_url":"https:\/\/assas-pilates-ballet.com\/index.php\/nos-cours\/","og_site_name":"Assas Pilates Ballet","article_modified_time":"2026-02-17T10:37:51+00:00","twitter_card":"summary_large_image","twitter_misc":{"Dur\u00e9e de lecture estim\u00e9e":"1 minute"},"schema":{"@context":"https:\/\/schema.org","@graph":[{"@type":"WebPage","@id":"https:\/\/assas-pilates-ballet.com\/index.php\/nos-cours\/","url":"https:\/\/assas-pilates-ballet.com\/index.php\/nos-cours\/","name":"Nos carnets - Assas Pilates Ballet","isPartOf":{"@id":"https:\/\/assas-pilates-ballet.com\/#website"},"datePublished":"2024-11-26T13:50:13+00:00","dateModified":"2026-02-17T10:37:51+00:00","breadcrumb":{"@id":"https:\/\/assas-pilates-ballet.com\/index.php\/nos-cours\/#breadcrumb"},"inLanguage":"fr-FR","potentialAction":[{"@type":"ReadAction","target":["https:\/\/assas-pilates-ballet.com\/index.php\/nos-cours\/"]}]},{"@type":"BreadcrumbList","@id":"https:\/\/assas-pilates-ballet.com\/index.php\/nos-cours\/#breadcrumb","itemListElement":[{"@type":"ListItem","position":1,"name":"Accueil","item":"https:\/\/assas-pilates-ballet.com\/"},{"@type":"ListItem","position":2,"name":"Nos carnets"}]},{"@type":"WebSite","@id":"https:\/\/assas-pilates-ballet.com\/#website","url":"https:\/\/assas-pilates-ballet.com\/","name":"Assas Pilates Ballet","description":"Cours de Pilates - Paris 6","publisher":{"@id":"https:\/\/assas-pilates-ballet.com\/#organization"},"potentialAction":[{"@type":"SearchAction","target":{"@type":"EntryPoint","urlTemplate":"https:\/\/assas-pilates-ballet.com\/?s={search_term_string}"},"query-input":{"@type":"PropertyValueSpecification","valueRequired":true,"valueName":"search_term_string"}}],"inLanguage":"fr-FR"},{"@type":"Organization","@id":"https:\/\/assas-pilates-ballet.com\/#organization","name":"Assas Pilates Ballet","url":"https:\/\/assas-pilates-ballet.com\/","logo":{"@type":"ImageObject","inLanguage":"fr-FR","@id":"https:\/\/assas-pilates-ballet.com\/#\/schema\/logo\/image\/","url":"https:\/\/assas-pilates-ballet.com\/wp-content\/uploads\/2025\/01\/logo-leilapilates.png","contentUrl":"https:\/\/assas-pilates-ballet.com\/wp-content\/uploads\/2025\/01\/logo-leilapilates.png","width":1080,"height":1080,"caption":"Assas Pilates Ballet"},"image":{"@id":"https:\/\/assas-pilates-ballet.com\/#\/schema\/logo\/image\/"}}]}},"_links":{"self":[{"href":"https:\/\/assas-pilates-ballet.com\/index.php\/wp-json\/wp\/v2\/pages\/678","targetHints":{"allow":["GET"]}}],"collection":[{"href":"https:\/\/assas-pilates-ballet.com\/index.php\/wp-json\/wp\/v2\/pages"}],"about":[{"href":"https:\/\/assas-pilates-ballet.com\/index.php\/wp-json\/wp\/v2\/types\/page"}],"author":[{"embeddable":true,"href":"https:\/\/assas-pilates-ballet.com\/index.php\/wp-json\/wp\/v2\/users\/1"}],"replies":[{"embeddable":true,"href":"https:\/\/assas-pilates-ballet.com\/index.php\/wp-json\/wp\/v2\/comments?post=678"}],"version-history":[{"count":43,"href":"https:\/\/assas-pilates-ballet.com\/index.php\/wp-json\/wp\/v2\/pages\/678\/revisions"}],"predecessor-version":[{"id":980,"href":"https:\/\/assas-pilates-ballet.com\/index.php\/wp-json\/wp\/v2\/pages\/678\/revisions\/980"}],"wp:attachment":[{"href":"https:\/\/assas-pilates-ballet.com\/index.php\/wp-json\/wp\/v2\/media?parent=678"}],"curies":[{"name":"wp","href":"https:\/\/api.w.org\/{rel}","templated":true}]}}