{"id":705,"date":"2024-12-03T16:21:21","date_gmt":"2024-12-03T15:21:21","guid":{"rendered":"https:\/\/assas-pilates-ballet.com\/?page_id=705"},"modified":"2024-12-03T16:21:22","modified_gmt":"2024-12-03T15:21:22","slug":"mentions-legales","status":"publish","type":"page","link":"https:\/\/assas-pilates-ballet.com\/index.php\/mentions-legales\/","title":{"rendered":"Mentions l\u00e9gales"},"content":{"rendered":"\n<p><strong>MENTIONS L\u00c9GALES DU SITE<\/strong><\/p>\n\n\n\n<p><strong>Assas-Pilates-Ballet.com<\/strong><\/p>\n\n\n\n<p><br>Conform\u00e9ment aux dispositions des Articles 6-III et 19 de la Loi n\u00b02004-575 du 21 juin 2004 pour la Confiance dans l&rsquo;\u00e9conomie num\u00e9rique, dite L.C.E.N., il est port\u00e9 \u00e0 la connaissance des utilisateurs et visiteurs du site Assas-Pilates-Ballet les pr\u00e9sentes mentions l\u00e9gales.<\/p>\n\n\n\n<p><br>Le site Assas-Pilates-Ballet est accessible \u00e0 l&rsquo;adresse suivante&nbsp;:&nbsp;<a href=\"http:\/\/www.assas-pilates-ballet.com\/\" target=\"_blank\" rel=\"noreferrer noopener\">www.assas-pilates-ballet.com<\/a>(ci-apr\u00e8s \u00ab\u00a0le Site\u00a0\u00bb). L&rsquo;acc\u00e8s et l&rsquo;utilisation du Site sont soumis aux pr\u00e9sentes \u00a0\u00bb Mentions l\u00e9gales\u00a0\u00bb d\u00e9taill\u00e9es ci-apr\u00e8s ainsi qu&rsquo;aux lois et\/ou r\u00e8glements applicables.<\/p>\n\n\n\n<p>La connexion, l&rsquo;utilisation et l&rsquo;acc\u00e8s \u00e0 ce Site impliquent l&rsquo;acceptation int\u00e9grale et sans r\u00e9serve de l&rsquo;internaute de toutes les dispositions des pr\u00e9sentes Mentions L\u00e9gales.<\/p>\n\n\n\n<p><strong><br>ARTICLE 1 &#8211; INFORMATIONS L\u00c9GALES<\/strong><\/p>\n\n\n\n<p>En vertu de l&rsquo;Article 6 de la Loi n\u00b0 2004-575 du 21 juin 2004 pour la confiance dans l&rsquo;\u00e9conomie num\u00e9rique, il est pr\u00e9cis\u00e9 dans cet article l&rsquo;identit\u00e9 des diff\u00e9rents intervenants dans le cadre de sa r\u00e9alisation et de son suivi.<\/p>\n\n\n\n<ol class=\"wp-block-list\">\n<li>Editeur du site<\/li>\n<\/ol>\n\n\n\n<p>Le site Assas-Pilates-Ballet est \u00e9dit\u00e9 par&nbsp;: SASU Studio des Grands Augustins<br>ayant son si\u00e8ge social \u00e0 l&rsquo;adresse suivante&nbsp;: 3,rue des Grands Augustins,75006 Paris, et immatricul\u00e9e au num\u00e9ro<\/p>\n\n\n\n<p>suivant&nbsp;:832676159.<br>Capital social&nbsp;: 1&nbsp;000 euros<br>Adresse e-mail&nbsp;:&nbsp;<em><a href=\"mailto:contact@assas.pilates.ballet.com\" target=\"_blank\" rel=\"noreferrer noopener\">contact@assas.pilates.ballet.com<\/a><\/em><\/p>\n\n\n\n<ol class=\"wp-block-list\">\n<li>H\u00e9bergeur du site<\/li>\n<\/ol>\n\n\n\n<p>Le site Assas-Pilates-Ballet est h\u00e9berg\u00e9 par&nbsp;:<strong>OVHcloud<br><\/strong>dont le si\u00e8ge est situ\u00e9 \u00e0 l&rsquo;adresse suivante&nbsp;: 2,rue Kellermann,59100 Roubaix<br><em>ci-apr\u00e8s \u00a0\u00bb l&rsquo;H\u00e9bergeur \u00ab\u00a0<\/em><\/p>\n\n\n\n<ol class=\"wp-block-list\">\n<li>Utilisateurs<\/li>\n<\/ol>\n\n\n\n<p>Sont consid\u00e9r\u00e9s comme utilisateurs tous les internautes qui naviguent, lisent, visionnent et utilisent le site Assas-Pilates-Ballet&nbsp;<\/p>\n\n\n\n<p><em>ci-apr\u00e8s les \u00a0\u00bb Utilisateurs \u00ab\u00a0<\/em><\/p>\n\n\n\n<p><strong><br>ARTICLE 2 &#8211; CONFIDENTIALITE<\/strong><\/p>\n\n\n\n<ol class=\"wp-block-list\">\n<li>DONNEES COLLECTEES ET TRAITEES<\/li>\n<\/ol>\n\n\n\n<p>Conform\u00e9ment aux dispositions de l&rsquo;article 5 du R\u00e8glement europ\u00e9en 2016\/679, la collecte et le traitement des donn\u00e9es des utilisateurs du site respectent les principes suivants&nbsp;:<\/p>\n\n\n\n<ul class=\"wp-block-list\">\n<li>Int\u00e9grit\u00e9 et confidentialit\u00e9 des donn\u00e9es collect\u00e9es et trait\u00e9es\u00a0: le responsable du traitement des donn\u00e9es s&rsquo;engage \u00e0 garantir l&rsquo;int\u00e9grit\u00e9 et la confidentialit\u00e9 des donn\u00e9es collect\u00e9es.<\/li>\n<\/ul>\n\n\n\n<p>Les donn\u00e9es \u00e0 caract\u00e8re personnel collect\u00e9es sur le site Assas-pilates-ballet sont les suivantes&nbsp;:<\/p>\n\n\n\n<p>&#8211; L&rsquo;URL des liens par l&rsquo;interm\u00e9diaire desquels l&rsquo;utilisateur a acc\u00e9d\u00e9 au site www.assas-pilates-ballet.com- Le FAI&nbsp; &nbsp;<br>&#8211; L&rsquo;adresse IP de l&rsquo;utilisateur<\/p>\n\n\n\n<p>Ces donn\u00e9es sont collect\u00e9es lorsque l&rsquo;Utilisateur effectue l&rsquo;une des op\u00e9rations suivantes sur le site&nbsp;:<\/p>\n\n\n\n<p>Les donn\u00e9es rentr\u00e9es par l&rsquo;Utilisateur lui-m\u00eame pour un achat ou une cr\u00e9ation de compte<\/p>\n\n\n\n<p>Par ailleurs, lors d&rsquo;un paiement sur le site, il sera conserv\u00e9 dans les syst\u00e8mes informatiques de l&rsquo;Editeur du site une preuve de la transaction comprenant le bon de commande et la facture.<\/p>\n\n\n\n<p>Le responsable du traitement conservera dans ses syst\u00e8mes informatiques du site et dans des conditions raisonnables de s\u00e9curit\u00e9 l&rsquo;ensemble des donn\u00e9es collect\u00e9es pour une dur\u00e9e de&nbsp;: 36 mois.<\/p>\n\n\n\n<ol class=\"wp-block-list\">\n<li>HEBERGEMENT DES DONNEES<\/li>\n<\/ol>\n\n\n\n<p>Tel que mentionn\u00e9 plus haut, le site Assas-Pilates-Ballet est h\u00e9berg\u00e9 par&nbsp;: OVHcloud dont le si\u00e8ge est situ\u00e9 \u00e0 l&rsquo;adresse ci-apr\u00e8s&nbsp;:<\/p>\n\n\n\n<p>2,rue Kellermann,59100 Roubaix<\/p>\n\n\n\n<p>Les donn\u00e9es collect\u00e9es et trait\u00e9es par le site sont exclusivement h\u00e9berg\u00e9es et trait\u00e9es en France.<\/p>\n\n\n\n<ol class=\"wp-block-list\">\n<li>DONNEES PERSONNELLES DES PERSONNES MINEURES<\/li>\n<\/ol>\n\n\n\n<p>Conform\u00e9ment aux dispositions de l&rsquo;article 8 du r\u00e8glement europ\u00e9en 2016\/679 et \u00e0 la loi Informatique et Libert\u00e9s, seuls les mineurs \u00e2g\u00e9s de 15 ans ou plus peuvent consentir au traitement de leurs donn\u00e9es personnelles.<\/p>\n\n\n\n<p>Si l&rsquo;utilisateur est un mineur de moins de 15 ans, l&rsquo;accord d&rsquo;un repr\u00e9sentant l\u00e9gal sera requis afin que des donn\u00e9es \u00e0 caract\u00e8re personnel puissent \u00eatre collect\u00e9es et trait\u00e9es.<\/p>\n\n\n\n<ol class=\"wp-block-list\">\n<li>DROITS DE L&rsquo;UTILISATEUR ET PROC\u00c9DURES DE MISE EN OEUVRE DES DROITS DE L&rsquo;UTILISATEUR<\/li>\n<\/ol>\n\n\n\n<p>Conform\u00e9ment \u00e0 la r\u00e9glementation concernant le traitement des donn\u00e9es \u00e0 caract\u00e8re personnel, l&rsquo;Utilisateur poss\u00e8de les droits ci-apr\u00e8s \u00e9num\u00e9r\u00e9s.<\/p>\n\n\n\n<p>Afin que le responsable du traitement des donn\u00e9es fasse droit \u00e0 sa demande, l&rsquo;utilisateur est tenu de lui communiquer&nbsp;: ses pr\u00e9nom et nom ainsi que son adresse e-mail, et si cela est pertinent, son num\u00e9ro de compte ou d&rsquo;espace personnel .<\/p>\n\n\n\n<p>Le responsable du traitement des donn\u00e9es est tenu de r\u00e9pondre \u00e0 l&rsquo;Utilisateur dans un d\u00e9lai de 30 (trente) jours maximum.<\/p>\n\n\n\n<ol class=\"wp-block-list\">\n<li><em>Droit d&rsquo;acc\u00e8s, de rectification et droit \u00e0 l&rsquo;oubli<\/em><\/li>\n<\/ol>\n\n\n\n<p>L&rsquo;utilisateur peut prendre connaissance, mettre \u00e0 jour, modifier ou demander la suppression des donn\u00e9es le concernant, en respectant la proc\u00e9dure ci-apr\u00e8s \u00e9nonc\u00e9e&nbsp;:<\/p>\n\n\n\n<p>L&rsquo;utilisateur peut envoyer un mail \u00e0&nbsp;<a href=\"mailto:contact@assas-pilates-ballet.com\" target=\"_blank\" rel=\"noreferrer noopener\">contact@assas-pilates-ballet.com<\/a>&nbsp;pour la gestion des donn\u00e9es personnelles.<\/p>\n\n\n\n<p>S&rsquo;il en poss\u00e8de un, l&rsquo;utilisateur a le droit de demander la suppression de son espace personnel en suivant la proc\u00e9dure suivante&nbsp;:<\/p>\n\n\n\n<p>L&rsquo;utilisateur doit envoyer une demande par mail \u00e0 l&rsquo;adresse suivante&nbsp;:&nbsp;<a href=\"mailto:contact@assas-pilates-ballet.com\" target=\"_blank\" rel=\"noreferrer noopener\">contact@assas-pilates-ballet.com<\/a><\/p>\n\n\n\n<ol class=\"wp-block-list\">\n<li><em>Droit \u00e0 la limitation et \u00e0 l&rsquo;opposition du traitement des donn\u00e9es<\/em><\/li>\n<\/ol>\n\n\n\n<p>L\u2019utilisateur a le droit de demander la limitation ou de s&rsquo;opposer au traitement de ses donn\u00e9es par le site, sans que le site ne puisse refuser, sauf \u00e0 d\u00e9montrer l&rsquo;existence de motifs l\u00e9gitimes et imp\u00e9rieux, pouvant pr\u00e9valoir sur les int\u00e9r\u00eats et les droits et libert\u00e9s de l&rsquo;Utilisateur.<\/p>\n\n\n\n<ol class=\"wp-block-list\">\n<li><em>Droit de d\u00e9terminer le sort des donn\u00e9es apr\u00e8s la mort<\/em><\/li>\n<\/ol>\n\n\n\n<p>Il est rappel\u00e9 \u00e0 l&rsquo;utilisateur qu&rsquo;il peut organiser quel doit \u00eatre le devenir de ses donn\u00e9es collect\u00e9es et trait\u00e9es s&rsquo;il d\u00e9c\u00e8de, conform\u00e9ment \u00e0 la loi n\u00b02016-1321 du 7 octobre 2016.<\/p>\n\n\n\n<p><strong><br>ARTICLE 3 &#8211; ACCESSIBILIT\u00c9<\/strong><\/p>\n\n\n\n<p><br>Le Site est par principe accessible aux Utilisateurs 24\/24h et 7\/7j, sauf interruption, programm\u00e9e ou non, pour des besoins de maintenance ou en cas de force majeure.<\/p>\n\n\n\n<p>En cas d&rsquo;impossibilit\u00e9 d&rsquo;acc\u00e8s au Site, celui-ci s&rsquo;engage \u00e0 faire son maximum afin d&rsquo;en r\u00e9tablir l&rsquo;acc\u00e8s. Le Site ne saurait \u00eatre tenu pour responsable de tout dommage, quelle qu&rsquo;en soit la nature, r\u00e9sultant de son indisponibilit\u00e9.<\/p>\n\n\n\n<p><strong><br>ARTICLE 4 &#8211; LOI APPLICABLE ET JURIDICTION<\/strong><\/p>\n\n\n\n<p>Les pr\u00e9sentes Mentions L\u00e9gales sont r\u00e9gies par la loi fran\u00e7aise. En cas de diff\u00e9rend et \u00e0 d\u00e9faut d&rsquo;accord amiable, le litige sera port\u00e9 devant les tribunaux fran\u00e7ais conform\u00e9ment aux r\u00e8gles de comp\u00e9tence en vigueur.<\/p>\n\n\n\n<p><strong><br>ARTICLE 5 &#8211; CONTACT<\/strong><\/p>\n\n\n\n<p>Pour tout signalement de contenus ou d&rsquo;activit\u00e9s illicites, l&rsquo;Utilisateur peut contacter l&rsquo;\u00c9diteur \u00e0 l&rsquo;adresse suivante&nbsp;:&nbsp;<a href=\"mailto:contact@assas-pilates-ballet.com\" target=\"_blank\" rel=\"noreferrer noopener\">contact@assas-pilates-ballet.com<\/a>&nbsp;ou par courrier recommand\u00e9 avec accus\u00e9 de r\u00e9ception adress\u00e9 \u00e0 l&rsquo;\u00c9diteur aux coordonn\u00e9es pr\u00e9cis\u00e9es dans les pr\u00e9sentes mentions l\u00e9gales.<\/p>\n\n\n\n<p><em><br>Le site Assas-Pilates-Ballet vous souhaite une excellente navigation&nbsp;!<\/em><\/p>\n\n\n\n<p><a href=\"https:\/\/www.instagram.com\/stories\/editions.motcle\/\" target=\"_blank\" rel=\"noreferrer noopener\"><\/a><\/p>\n\n\n\n<p>\u00a9 2024,&nbsp;<a href=\"https:\/\/editions-motcle.fr\/\" target=\"_blank\" rel=\"noreferrer noopener\">Assas-Pilates-Ballet.com<\/a><\/p>\n","protected":false},"excerpt":{"rendered":"<p>MENTIONS L\u00c9GALES DU SITE Assas-Pilates-Ballet.com Conform\u00e9ment aux dispositions des Articles 6-III et 19 de la Loi n\u00b02004-575 du 21 juin 2004 pour la Confiance dans l&rsquo;\u00e9conomie num\u00e9rique, dite L.C.E.N., il est port\u00e9 \u00e0 la connaissance des utilisateurs et visiteurs du site Assas-Pilates-Ballet les pr\u00e9sentes mentions l\u00e9gales. Le site Assas-Pilates-Ballet est accessible \u00e0 l&rsquo;adresse suivante&nbsp;:&nbsp;www.assas-pilates-ballet.com(ci-apr\u00e8s \u00ab\u00a0le [&hellip;]<\/p>\n","protected":false},"author":1,"featured_media":0,"parent":0,"menu_order":0,"comment_status":"closed","ping_status":"closed","template":"","meta":{"footnotes":""},"class_list":["post-705","page","type-page","status-publish","hentry"],"yoast_head":"<!-- This site is optimized with the Yoast SEO plugin v27.1.1 - https:\/\/yoast.com\/product\/yoast-seo-wordpress\/ -->\n<title>Mentions l\u00e9gales - Assas Pilates Ballet<\/title>\n<meta name=\"robots\" content=\"index, follow, max-snippet:-1, max-image-preview:large, max-video-preview:-1\" \/>\n<link rel=\"canonical\" href=\"https:\/\/assas-pilates-ballet.com\/index.php\/mentions-legales\/\" \/>\n<meta property=\"og:locale\" content=\"fr_FR\" \/>\n<meta property=\"og:type\" content=\"article\" \/>\n<meta property=\"og:title\" content=\"Mentions l\u00e9gales - Assas Pilates Ballet\" \/>\n<meta property=\"og:description\" content=\"MENTIONS L\u00c9GALES DU SITE Assas-Pilates-Ballet.com Conform\u00e9ment aux dispositions des Articles 6-III et 19 de la Loi n\u00b02004-575 du 21 juin 2004 pour la Confiance dans l&rsquo;\u00e9conomie num\u00e9rique, dite L.C.E.N., il est port\u00e9 \u00e0 la connaissance des utilisateurs et visiteurs du site Assas-Pilates-Ballet les pr\u00e9sentes mentions l\u00e9gales. Le site Assas-Pilates-Ballet est accessible \u00e0 l&rsquo;adresse suivante&nbsp;:&nbsp;www.assas-pilates-ballet.com(ci-apr\u00e8s \u00ab\u00a0le [&hellip;]\" \/>\n<meta property=\"og:url\" content=\"https:\/\/assas-pilates-ballet.com\/index.php\/mentions-legales\/\" \/>\n<meta property=\"og:site_name\" content=\"Assas Pilates Ballet\" \/>\n<meta property=\"article:modified_time\" content=\"2024-12-03T15:21:22+00:00\" \/>\n<meta name=\"twitter:card\" content=\"summary_large_image\" \/>\n<meta name=\"twitter:label1\" content=\"Dur\u00e9e de lecture estim\u00e9e\" \/>\n\t<meta name=\"twitter:data1\" content=\"5 minutes\" \/>\n<script type=\"application\/ld+json\" class=\"yoast-schema-graph\">{\"@context\":\"https:\/\/schema.org\",\"@graph\":[{\"@type\":\"WebPage\",\"@id\":\"https:\/\/assas-pilates-ballet.com\/index.php\/mentions-legales\/\",\"url\":\"https:\/\/assas-pilates-ballet.com\/index.php\/mentions-legales\/\",\"name\":\"Mentions l\u00e9gales - Assas Pilates Ballet\",\"isPartOf\":{\"@id\":\"https:\/\/assas-pilates-ballet.com\/#website\"},\"datePublished\":\"2024-12-03T15:21:21+00:00\",\"dateModified\":\"2024-12-03T15:21:22+00:00\",\"breadcrumb\":{\"@id\":\"https:\/\/assas-pilates-ballet.com\/index.php\/mentions-legales\/#breadcrumb\"},\"inLanguage\":\"fr-FR\",\"potentialAction\":[{\"@type\":\"ReadAction\",\"target\":[\"https:\/\/assas-pilates-ballet.com\/index.php\/mentions-legales\/\"]}]},{\"@type\":\"BreadcrumbList\",\"@id\":\"https:\/\/assas-pilates-ballet.com\/index.php\/mentions-legales\/#breadcrumb\",\"itemListElement\":[{\"@type\":\"ListItem\",\"position\":1,\"name\":\"Accueil\",\"item\":\"https:\/\/assas-pilates-ballet.com\/\"},{\"@type\":\"ListItem\",\"position\":2,\"name\":\"Mentions l\u00e9gales\"}]},{\"@type\":\"WebSite\",\"@id\":\"https:\/\/assas-pilates-ballet.com\/#website\",\"url\":\"https:\/\/assas-pilates-ballet.com\/\",\"name\":\"Assas Pilates Ballet\",\"description\":\"Cours de Pilates - Paris 6\",\"publisher\":{\"@id\":\"https:\/\/assas-pilates-ballet.com\/#organization\"},\"potentialAction\":[{\"@type\":\"SearchAction\",\"target\":{\"@type\":\"EntryPoint\",\"urlTemplate\":\"https:\/\/assas-pilates-ballet.com\/?s={search_term_string}\"},\"query-input\":{\"@type\":\"PropertyValueSpecification\",\"valueRequired\":true,\"valueName\":\"search_term_string\"}}],\"inLanguage\":\"fr-FR\"},{\"@type\":\"Organization\",\"@id\":\"https:\/\/assas-pilates-ballet.com\/#organization\",\"name\":\"Assas Pilates Ballet\",\"url\":\"https:\/\/assas-pilates-ballet.com\/\",\"logo\":{\"@type\":\"ImageObject\",\"inLanguage\":\"fr-FR\",\"@id\":\"https:\/\/assas-pilates-ballet.com\/#\/schema\/logo\/image\/\",\"url\":\"https:\/\/assas-pilates-ballet.com\/wp-content\/uploads\/2025\/01\/logo-leilapilates.png\",\"contentUrl\":\"https:\/\/assas-pilates-ballet.com\/wp-content\/uploads\/2025\/01\/logo-leilapilates.png\",\"width\":1080,\"height\":1080,\"caption\":\"Assas Pilates Ballet\"},\"image\":{\"@id\":\"https:\/\/assas-pilates-ballet.com\/#\/schema\/logo\/image\/\"}}]}<\/script>\n<!-- \/ Yoast SEO plugin. -->","yoast_head_json":{"title":"Mentions l\u00e9gales - Assas Pilates Ballet","robots":{"index":"index","follow":"follow","max-snippet":"max-snippet:-1","max-image-preview":"max-image-preview:large","max-video-preview":"max-video-preview:-1"},"canonical":"https:\/\/assas-pilates-ballet.com\/index.php\/mentions-legales\/","og_locale":"fr_FR","og_type":"article","og_title":"Mentions l\u00e9gales - Assas Pilates Ballet","og_description":"MENTIONS L\u00c9GALES DU SITE Assas-Pilates-Ballet.com Conform\u00e9ment aux dispositions des Articles 6-III et 19 de la Loi n\u00b02004-575 du 21 juin 2004 pour la Confiance dans l&rsquo;\u00e9conomie num\u00e9rique, dite L.C.E.N., il est port\u00e9 \u00e0 la connaissance des utilisateurs et visiteurs du site Assas-Pilates-Ballet les pr\u00e9sentes mentions l\u00e9gales. Le site Assas-Pilates-Ballet est accessible \u00e0 l&rsquo;adresse suivante&nbsp;:&nbsp;www.assas-pilates-ballet.com(ci-apr\u00e8s \u00ab\u00a0le [&hellip;]","og_url":"https:\/\/assas-pilates-ballet.com\/index.php\/mentions-legales\/","og_site_name":"Assas Pilates Ballet","article_modified_time":"2024-12-03T15:21:22+00:00","twitter_card":"summary_large_image","twitter_misc":{"Dur\u00e9e de lecture estim\u00e9e":"5 minutes"},"schema":{"@context":"https:\/\/schema.org","@graph":[{"@type":"WebPage","@id":"https:\/\/assas-pilates-ballet.com\/index.php\/mentions-legales\/","url":"https:\/\/assas-pilates-ballet.com\/index.php\/mentions-legales\/","name":"Mentions l\u00e9gales - Assas Pilates Ballet","isPartOf":{"@id":"https:\/\/assas-pilates-ballet.com\/#website"},"datePublished":"2024-12-03T15:21:21+00:00","dateModified":"2024-12-03T15:21:22+00:00","breadcrumb":{"@id":"https:\/\/assas-pilates-ballet.com\/index.php\/mentions-legales\/#breadcrumb"},"inLanguage":"fr-FR","potentialAction":[{"@type":"ReadAction","target":["https:\/\/assas-pilates-ballet.com\/index.php\/mentions-legales\/"]}]},{"@type":"BreadcrumbList","@id":"https:\/\/assas-pilates-ballet.com\/index.php\/mentions-legales\/#breadcrumb","itemListElement":[{"@type":"ListItem","position":1,"name":"Accueil","item":"https:\/\/assas-pilates-ballet.com\/"},{"@type":"ListItem","position":2,"name":"Mentions l\u00e9gales"}]},{"@type":"WebSite","@id":"https:\/\/assas-pilates-ballet.com\/#website","url":"https:\/\/assas-pilates-ballet.com\/","name":"Assas Pilates Ballet","description":"Cours de Pilates - Paris 6","publisher":{"@id":"https:\/\/assas-pilates-ballet.com\/#organization"},"potentialAction":[{"@type":"SearchAction","target":{"@type":"EntryPoint","urlTemplate":"https:\/\/assas-pilates-ballet.com\/?s={search_term_string}"},"query-input":{"@type":"PropertyValueSpecification","valueRequired":true,"valueName":"search_term_string"}}],"inLanguage":"fr-FR"},{"@type":"Organization","@id":"https:\/\/assas-pilates-ballet.com\/#organization","name":"Assas Pilates Ballet","url":"https:\/\/assas-pilates-ballet.com\/","logo":{"@type":"ImageObject","inLanguage":"fr-FR","@id":"https:\/\/assas-pilates-ballet.com\/#\/schema\/logo\/image\/","url":"https:\/\/assas-pilates-ballet.com\/wp-content\/uploads\/2025\/01\/logo-leilapilates.png","contentUrl":"https:\/\/assas-pilates-ballet.com\/wp-content\/uploads\/2025\/01\/logo-leilapilates.png","width":1080,"height":1080,"caption":"Assas Pilates Ballet"},"image":{"@id":"https:\/\/assas-pilates-ballet.com\/#\/schema\/logo\/image\/"}}]}},"_links":{"self":[{"href":"https:\/\/assas-pilates-ballet.com\/index.php\/wp-json\/wp\/v2\/pages\/705","targetHints":{"allow":["GET"]}}],"collection":[{"href":"https:\/\/assas-pilates-ballet.com\/index.php\/wp-json\/wp\/v2\/pages"}],"about":[{"href":"https:\/\/assas-pilates-ballet.com\/index.php\/wp-json\/wp\/v2\/types\/page"}],"author":[{"embeddable":true,"href":"https:\/\/assas-pilates-ballet.com\/index.php\/wp-json\/wp\/v2\/users\/1"}],"replies":[{"embeddable":true,"href":"https:\/\/assas-pilates-ballet.com\/index.php\/wp-json\/wp\/v2\/comments?post=705"}],"version-history":[{"count":1,"href":"https:\/\/assas-pilates-ballet.com\/index.php\/wp-json\/wp\/v2\/pages\/705\/revisions"}],"predecessor-version":[{"id":706,"href":"https:\/\/assas-pilates-ballet.com\/index.php\/wp-json\/wp\/v2\/pages\/705\/revisions\/706"}],"wp:attachment":[{"href":"https:\/\/assas-pilates-ballet.com\/index.php\/wp-json\/wp\/v2\/media?parent=705"}],"curies":[{"name":"wp","href":"https:\/\/api.w.org\/{rel}","templated":true}]}}