{"id":84,"date":"2024-11-01T16:13:41","date_gmt":"2024-11-01T15:13:41","guid":{"rendered":"https:\/\/quentindassy0.wpcomstaging.com\/?page_id=84"},"modified":"2026-03-05T11:59:26","modified_gmt":"2026-03-05T10:59:26","slug":"reserver","status":"publish","type":"page","link":"https:\/\/assas-pilates-ballet.com\/index.php\/reserver\/","title":{"rendered":"Reserver"},"content":{"rendered":"\n<h3 class=\"wp-block-heading has-text-align-center\"><strong>Cours \u00e0 l&rsquo;unit\u00e9<\/strong><\/h3>\n\n\n\n<blockquote class=\"wp-block-quote is-layout-flow wp-block-quote-is-layout-flow\">\n<p><code>\n<script>\n  if (typeof hasAmeliaEntitiesApiCall === 'undefined' && '' === '') {\n    var hasAmeliaEntitiesApiCall = true;\n  }\n  var ameliaShortcodeData = (typeof ameliaShortcodeData === 'undefined') ? [] : ameliaShortcodeData;\n  ameliaShortcodeData.push(\n    {\n      'hasApiCall': (typeof hasAmeliaEntitiesApiCall !== 'undefined') && hasAmeliaEntitiesApiCall,\n      'trigger': '',\n      'trigger_type': '',\n      'triggered_form': 'cbf',\n      'in_dialog': '',\n      'show': 'services',\n      'counter': '1000',\n      'package': '',\n      'category': '',\n      'service': '',\n      'employee': '',\n      'location': '',\n      'categories_hidden': ''\n    }\n  );\n  var ameliaShortcodeDataTriggered = (typeof ameliaShortcodeDataTriggered === 'undefined') ? [] : ameliaShortcodeDataTriggered;\n  if (ameliaShortcodeData[ameliaShortcodeData.length - 1].trigger !== '') {\n    if (ameliaShortcodeDataTriggered.filter(a => a.counter === ameliaShortcodeData[ameliaShortcodeData.length - 1].counter).length === 0) {\n      ameliaShortcodeDataTriggered.push(ameliaShortcodeData.pop());\n    } else {\n      ameliaShortcodeData.pop()\n    }\n  }\n  if (typeof hasAmeliaEntitiesApiCall !== 'undefined' && hasAmeliaEntitiesApiCall) {\n    hasAmeliaEntitiesApiCall = false;\n  }\n<\/script>\n\n<div\n  id=\"amelia-v2-booking-1000\"\n  class=\"amelia-v2-booking\"\n>\n    <catalog-form-wrapper><\/catalog-form-wrapper><\/div>\n<\/code><\/p>\n<\/blockquote>\n\n\n\n<h3 class=\"wp-block-heading has-text-align-center\"><strong>Carnets de cours<\/strong><\/h3>\n\n\n\n<script>\n  if (typeof hasAmeliaEntitiesApiCall === 'undefined' && '' === '') {\n    var hasAmeliaEntitiesApiCall = true;\n  }\n  var ameliaShortcodeData = (typeof ameliaShortcodeData === 'undefined') ? [] : ameliaShortcodeData;\n  ameliaShortcodeData.push(\n    {\n      'hasApiCall': (typeof hasAmeliaEntitiesApiCall !== 'undefined') && hasAmeliaEntitiesApiCall,\n      'trigger': '',\n      'trigger_type': '',\n      'triggered_form': 'cbf',\n      'in_dialog': '',\n      'show': 'packages',\n      'counter': '1001',\n      'package': '',\n      'category': '',\n      'service': '',\n      'employee': '',\n      'location': '',\n      'categories_hidden': ''\n    }\n  );\n  var ameliaShortcodeDataTriggered = (typeof ameliaShortcodeDataTriggered === 'undefined') ? [] : ameliaShortcodeDataTriggered;\n  if (ameliaShortcodeData[ameliaShortcodeData.length - 1].trigger !== '') {\n    if (ameliaShortcodeDataTriggered.filter(a => a.counter === ameliaShortcodeData[ameliaShortcodeData.length - 1].counter).length === 0) {\n      ameliaShortcodeDataTriggered.push(ameliaShortcodeData.pop());\n    } else {\n      ameliaShortcodeData.pop()\n    }\n  }\n  if (typeof hasAmeliaEntitiesApiCall !== 'undefined' && hasAmeliaEntitiesApiCall) {\n    hasAmeliaEntitiesApiCall = false;\n  }\n<\/script>\n\n<div\n  id=\"amelia-v2-booking-1001\"\n  class=\"amelia-v2-booking\"\n>\n    <catalog-form-wrapper><\/catalog-form-wrapper><\/div>\n\n","protected":false},"excerpt":{"rendered":"<p>Cours \u00e0 l&rsquo;unit\u00e9 Carnets de cours<\/p>\n","protected":false},"author":1,"featured_media":0,"parent":0,"menu_order":0,"comment_status":"closed","ping_status":"closed","template":"","meta":{"footnotes":""},"class_list":["post-84","page","type-page","status-publish","hentry"],"yoast_head":"<!-- This site is optimized with the Yoast SEO plugin v27.1.1 - https:\/\/yoast.com\/product\/yoast-seo-wordpress\/ -->\n<title>Reserver - Assas Pilates Ballet<\/title>\n<meta name=\"description\" content=\"R\u00e9server un cours semi collectif ou priv\u00e9 dans notre studio de Pilates. Des tarifs attractifs, pas chers, et des r\u00e9ductions.\" \/>\n<meta name=\"robots\" content=\"index, follow, max-snippet:-1, max-image-preview:large, max-video-preview:-1\" \/>\n<link rel=\"canonical\" href=\"https:\/\/assas-pilates-ballet.com\/index.php\/reserver\/\" \/>\n<meta property=\"og:locale\" content=\"fr_FR\" \/>\n<meta property=\"og:type\" content=\"article\" \/>\n<meta property=\"og:title\" content=\"Reserver - Assas Pilates Ballet\" \/>\n<meta property=\"og:description\" content=\"R\u00e9server un cours semi collectif ou priv\u00e9 dans notre studio de Pilates. Des tarifs attractifs, pas chers, et des r\u00e9ductions.\" \/>\n<meta property=\"og:url\" content=\"https:\/\/assas-pilates-ballet.com\/index.php\/reserver\/\" \/>\n<meta property=\"og:site_name\" content=\"Assas Pilates Ballet\" \/>\n<meta property=\"article:modified_time\" content=\"2026-03-05T10:59:26+00:00\" \/>\n<meta name=\"twitter:card\" content=\"summary_large_image\" \/>\n<meta name=\"twitter:label1\" content=\"Dur\u00e9e de lecture estim\u00e9e\" \/>\n\t<meta name=\"twitter:data1\" content=\"1 minute\" \/>\n<script type=\"application\/ld+json\" class=\"yoast-schema-graph\">{\"@context\":\"https:\/\/schema.org\",\"@graph\":[{\"@type\":\"WebPage\",\"@id\":\"https:\/\/assas-pilates-ballet.com\/index.php\/reserver\/\",\"url\":\"https:\/\/assas-pilates-ballet.com\/index.php\/reserver\/\",\"name\":\"Reserver - Assas Pilates Ballet\",\"isPartOf\":{\"@id\":\"https:\/\/assas-pilates-ballet.com\/#website\"},\"datePublished\":\"2024-11-01T15:13:41+00:00\",\"dateModified\":\"2026-03-05T10:59:26+00:00\",\"description\":\"R\u00e9server un cours semi collectif ou priv\u00e9 dans notre studio de Pilates. Des tarifs attractifs, pas chers, et des r\u00e9ductions.\",\"breadcrumb\":{\"@id\":\"https:\/\/assas-pilates-ballet.com\/index.php\/reserver\/#breadcrumb\"},\"inLanguage\":\"fr-FR\",\"potentialAction\":[{\"@type\":\"ReadAction\",\"target\":[\"https:\/\/assas-pilates-ballet.com\/index.php\/reserver\/\"]}]},{\"@type\":\"BreadcrumbList\",\"@id\":\"https:\/\/assas-pilates-ballet.com\/index.php\/reserver\/#breadcrumb\",\"itemListElement\":[{\"@type\":\"ListItem\",\"position\":1,\"name\":\"Accueil\",\"item\":\"https:\/\/assas-pilates-ballet.com\/\"},{\"@type\":\"ListItem\",\"position\":2,\"name\":\"Reserver\"}]},{\"@type\":\"WebSite\",\"@id\":\"https:\/\/assas-pilates-ballet.com\/#website\",\"url\":\"https:\/\/assas-pilates-ballet.com\/\",\"name\":\"Assas Pilates Ballet\",\"description\":\"Cours de Pilates - Paris 6\",\"publisher\":{\"@id\":\"https:\/\/assas-pilates-ballet.com\/#organization\"},\"potentialAction\":[{\"@type\":\"SearchAction\",\"target\":{\"@type\":\"EntryPoint\",\"urlTemplate\":\"https:\/\/assas-pilates-ballet.com\/?s={search_term_string}\"},\"query-input\":{\"@type\":\"PropertyValueSpecification\",\"valueRequired\":true,\"valueName\":\"search_term_string\"}}],\"inLanguage\":\"fr-FR\"},{\"@type\":\"Organization\",\"@id\":\"https:\/\/assas-pilates-ballet.com\/#organization\",\"name\":\"Assas Pilates Ballet\",\"url\":\"https:\/\/assas-pilates-ballet.com\/\",\"logo\":{\"@type\":\"ImageObject\",\"inLanguage\":\"fr-FR\",\"@id\":\"https:\/\/assas-pilates-ballet.com\/#\/schema\/logo\/image\/\",\"url\":\"https:\/\/assas-pilates-ballet.com\/wp-content\/uploads\/2025\/01\/logo-leilapilates.png\",\"contentUrl\":\"https:\/\/assas-pilates-ballet.com\/wp-content\/uploads\/2025\/01\/logo-leilapilates.png\",\"width\":1080,\"height\":1080,\"caption\":\"Assas Pilates Ballet\"},\"image\":{\"@id\":\"https:\/\/assas-pilates-ballet.com\/#\/schema\/logo\/image\/\"}}]}<\/script>\n<!-- \/ Yoast SEO plugin. -->","yoast_head_json":{"title":"Reserver - Assas Pilates Ballet","description":"R\u00e9server un cours semi collectif ou priv\u00e9 dans notre studio de Pilates. Des tarifs attractifs, pas chers, et des r\u00e9ductions.","robots":{"index":"index","follow":"follow","max-snippet":"max-snippet:-1","max-image-preview":"max-image-preview:large","max-video-preview":"max-video-preview:-1"},"canonical":"https:\/\/assas-pilates-ballet.com\/index.php\/reserver\/","og_locale":"fr_FR","og_type":"article","og_title":"Reserver - Assas Pilates Ballet","og_description":"R\u00e9server un cours semi collectif ou priv\u00e9 dans notre studio de Pilates. Des tarifs attractifs, pas chers, et des r\u00e9ductions.","og_url":"https:\/\/assas-pilates-ballet.com\/index.php\/reserver\/","og_site_name":"Assas Pilates Ballet","article_modified_time":"2026-03-05T10:59:26+00:00","twitter_card":"summary_large_image","twitter_misc":{"Dur\u00e9e de lecture estim\u00e9e":"1 minute"},"schema":{"@context":"https:\/\/schema.org","@graph":[{"@type":"WebPage","@id":"https:\/\/assas-pilates-ballet.com\/index.php\/reserver\/","url":"https:\/\/assas-pilates-ballet.com\/index.php\/reserver\/","name":"Reserver - Assas Pilates Ballet","isPartOf":{"@id":"https:\/\/assas-pilates-ballet.com\/#website"},"datePublished":"2024-11-01T15:13:41+00:00","dateModified":"2026-03-05T10:59:26+00:00","description":"R\u00e9server un cours semi collectif ou priv\u00e9 dans notre studio de Pilates. Des tarifs attractifs, pas chers, et des r\u00e9ductions.","breadcrumb":{"@id":"https:\/\/assas-pilates-ballet.com\/index.php\/reserver\/#breadcrumb"},"inLanguage":"fr-FR","potentialAction":[{"@type":"ReadAction","target":["https:\/\/assas-pilates-ballet.com\/index.php\/reserver\/"]}]},{"@type":"BreadcrumbList","@id":"https:\/\/assas-pilates-ballet.com\/index.php\/reserver\/#breadcrumb","itemListElement":[{"@type":"ListItem","position":1,"name":"Accueil","item":"https:\/\/assas-pilates-ballet.com\/"},{"@type":"ListItem","position":2,"name":"Reserver"}]},{"@type":"WebSite","@id":"https:\/\/assas-pilates-ballet.com\/#website","url":"https:\/\/assas-pilates-ballet.com\/","name":"Assas Pilates Ballet","description":"Cours de Pilates - Paris 6","publisher":{"@id":"https:\/\/assas-pilates-ballet.com\/#organization"},"potentialAction":[{"@type":"SearchAction","target":{"@type":"EntryPoint","urlTemplate":"https:\/\/assas-pilates-ballet.com\/?s={search_term_string}"},"query-input":{"@type":"PropertyValueSpecification","valueRequired":true,"valueName":"search_term_string"}}],"inLanguage":"fr-FR"},{"@type":"Organization","@id":"https:\/\/assas-pilates-ballet.com\/#organization","name":"Assas Pilates Ballet","url":"https:\/\/assas-pilates-ballet.com\/","logo":{"@type":"ImageObject","inLanguage":"fr-FR","@id":"https:\/\/assas-pilates-ballet.com\/#\/schema\/logo\/image\/","url":"https:\/\/assas-pilates-ballet.com\/wp-content\/uploads\/2025\/01\/logo-leilapilates.png","contentUrl":"https:\/\/assas-pilates-ballet.com\/wp-content\/uploads\/2025\/01\/logo-leilapilates.png","width":1080,"height":1080,"caption":"Assas Pilates Ballet"},"image":{"@id":"https:\/\/assas-pilates-ballet.com\/#\/schema\/logo\/image\/"}}]}},"_links":{"self":[{"href":"https:\/\/assas-pilates-ballet.com\/index.php\/wp-json\/wp\/v2\/pages\/84","targetHints":{"allow":["GET"]}}],"collection":[{"href":"https:\/\/assas-pilates-ballet.com\/index.php\/wp-json\/wp\/v2\/pages"}],"about":[{"href":"https:\/\/assas-pilates-ballet.com\/index.php\/wp-json\/wp\/v2\/types\/page"}],"author":[{"embeddable":true,"href":"https:\/\/assas-pilates-ballet.com\/index.php\/wp-json\/wp\/v2\/users\/1"}],"replies":[{"embeddable":true,"href":"https:\/\/assas-pilates-ballet.com\/index.php\/wp-json\/wp\/v2\/comments?post=84"}],"version-history":[{"count":64,"href":"https:\/\/assas-pilates-ballet.com\/index.php\/wp-json\/wp\/v2\/pages\/84\/revisions"}],"predecessor-version":[{"id":1062,"href":"https:\/\/assas-pilates-ballet.com\/index.php\/wp-json\/wp\/v2\/pages\/84\/revisions\/1062"}],"wp:attachment":[{"href":"https:\/\/assas-pilates-ballet.com\/index.php\/wp-json\/wp\/v2\/media?parent=84"}],"curies":[{"name":"wp","href":"https:\/\/api.w.org\/{rel}","templated":true}]}}